{"id":19795,"date":"2026-01-28T16:27:01","date_gmt":"2026-01-28T15:27:01","guid":{"rendered":"https:\/\/www.champagne-thienot.com\/esperienza-enoturistica\/bar-rooftop-reims\/"},"modified":"2026-04-22T12:29:36","modified_gmt":"2026-04-22T10:29:36","slug":"bar-tetti-reims","status":"publish","type":"page","link":"https:\/\/www.champagne-thienot.com\/it\/esperienza-enoturistica\/bar-tetti-reims\/","title":{"rendered":"Bar \u00e0 Champagne a Reims con rooftop e vista panoramica \u2013 Le 3"},"content":{"rendered":"<div class=\"md:p-4 h-[50vh] md:h-[95vh] xl:h-screen relative flex overflow-hidden\" data-scroll-section=\"\">\r\n<div class=\"w-full relative\"><img loading=\"lazy\" decoding=\"async\" class=\"object-cover w-full h-full le-3-visitesdescaves alignnone wp-image-15510 size-full\" title=\"Champagne Thi\u00e9not \u2013 visite de caves\" src=\"https:\/\/www.champagne-thienot.com\/wp-content\/themes\/thienot\/assets\/img\/bar\/maison-thienot-bar-01.jpg\" alt=\"Champagne Thi\u00e9not \u2013 visite de caves\" width=\"1784\" height=\"1000\" \/><\/div>\r\n<h1 class=\"h2_uppercase text-md md:text-xl w-max text-center absolute left-1\/2 -translate-x-1\/2 top-[4.5rem] md:top-20 max-w-[85%]\">Un calice di Champagne con una vista\r\nmozzafiato sui tetti di Reims<\/h1>\r\n<\/div>\r\n<div class=\"container mx-auto md:max-w-3xl pt-8 md:pt-16 pb-16 px-4 md:px-0 text-center\" data-scroll-section=\"\">\r\n<h2 class=\"text-center font-theartisan text-rouge text-2xl md:text-4xl mb-8\">Un rooftop con la vista\r\npi\u00f9 bella di Reims<\/h2>\r\n<p class=\"mb-4 text-center\">Degustare un calice di Champagne di fronte ai tetti illuminati di Reims: cosa c&#8217;\u00e8 di pi\u00f9 magico? In un&#8217;atmosfera al contempo elegante e casual, il nostro <strong>rooftop<\/strong> si presenta come una vera e propria parentesi fuori dal tempo. Ideale per un afterwork, un aperitivo in coppia o una serata tra amici, \u00e8 il luogo perfetto per degustare una coppa di champagne o un cocktail originale con vista sulla cattedrale di Reims. Situata all&#8217;ultimo piano dell&#8217;edificio, questa terrazza di 500 m\u00b2 offre una vista spettacolare sulla citt\u00e0 in una cornice d&#8217;eccezione che fonde raffinatezza, convivialit\u00e0 e Art de Vivre \u00e0 la fran\u00e7aise.<\/p>\r\n<picture class=\"py-10 md:py-16 block mx-auto\" data-scroll=\"\" data-scroll-speed=\"-1\"><img decoding=\"async\" class=\"object-cover w-full h-auto mx-auto\" src=\"https:\/\/www.champagne-thienot.com\/wp-content\/themes\/thienot\/assets\/img\/bar\/maison-thienot-cathedrale.jpg\" alt=\"Champagne Thi\u00e9not \u2013 bar \u00e0 champagne le 3 rooftop\" \/><\/picture>\r\n<p class=\"mb-4 text-center py-10\">Interamente progettato per rispondere a ogni occasione ed esigenza, il bar di Le 3 coniuga eleganza e comfort. Arredato con gusto, dalla scelta dei materiali all&#8217;illuminazione, vanta spazi intimi e accoglienti per chiacchierate vicino al camino, tavoli conviviali per condividere momenti tra amici e spazi aperti per godere dell&#8217;aria fresca e ammirare il tramonto. Che si tratti di un appuntamento romantico, di una serata tra amici o di un evento privato, il nostro rooftop render\u00e0 ogni momento indimenticabile.<\/p>\r\n\r\n<h2 class=\"h2_uppercase text-rouge pb-0 text-center\">Un men\u00f9 che celebra l&#8217;arte dello Champagne\u2026<\/h2>\r\n<h3 class=\"text-black mb-6 h2_uppercase text-center\">ma non solo!<\/h3>\r\n<p style=\"text-align: center;\">Il <strong>Bar \u00e0 Champagne<\/strong> propone cuv\u00e9e d&#8217;eccezione, accuratamente selezionate per farti scoprire la ricchezza del terroir della regione. Ovviamente, le sorprese non finiscono qui: cocktail iconici ideati con audacia dal nostro team, distillati pregiati, bevande locali raffinate e tante altre bibite per tutti i gusti, dai grandi classici rivisitati alle creazioni pi\u00f9 originali.<\/p>\r\n&nbsp;\r\n<p style=\"text-align: center;\"><strong style=\"color: #a23130; text-align: center; font-size: 1.125rem;\">Il bar \u00e8 aperto dal mercoled\u00ec al sabato dalle 15:30 alle 23:00 e la domenica dalle 12:30 alle 18:00.\r\n<\/strong><a style=\"text-align: center; font-size: 1.125rem;\" href=\"tel:+33326771269\">\ud83d\udcde <strong>+33 3 26 77 12 69<\/strong><\/a><\/p>\r\n&nbsp;\r\n<p style=\"text-align: center;\">Vi consigliamo di chiamarci prima della vostra visita per verificare la disponibilit\u00e0.<\/p>\r\n\r\n<\/div>\r\n&nbsp;\r\n<div class=\" flex col flex-col md:flex-row md:h-160 gap-2\">\r\n<div class=\"w-full md:w-[30%]\"><picture data-scroll=\"\" data-scroll-speed=\"-1\"> <img decoding=\"async\" class=\"w-full h-full object-cover\" src=\"https:\/\/www.champagne-thienot.com\/wp-content\/themes\/thienot\/assets\/img\/bar\/maison-thienot-bar-02.jpg\" alt=\"Champagne Thi\u00e9not \u2013 cath\u00e9drale - Reims\" \/> <\/picture><\/div>\r\n<div class=\"w-full md:w-[70%] overflow-hidden relative h-96 md:h-160 hidden md:block\"><picture data-scroll=\"\" data-scroll-speed=\"-1\"> <img decoding=\"async\" class=\"w-full h-full object-cover\" src=\"https:\/\/www.champagne-thienot.com\/wp-content\/themes\/thienot\/assets\/img\/bar\/maison-thienot-bar-feu.jpg\" alt=\"Champagne Thi\u00e9not \u2013 cath\u00e9drale - Reims\" \/> <\/picture><\/div>\r\n<\/div>\r\n<div class=\"container mx-auto md:max-w-5xl pt-8 md:pt-16 pb-16 md:pb-20 px-4 md:px-0 text-center\" data-scroll-section=\"\">\r\n<h2 class=\"text-black h2_uppercase text-center\"><span class=\"text-rouge block\">Finger food raffinato<\/span>per sublimare ogni calice<\/h2>\r\n<p class=\"texte-center\">Per accompagnare un calice di Champagne, lasciati conquistare dalla nostra selezione di <strong>finger food leggeri e raffinati<\/strong>, preparati con ingredienti freschi e di stagione. Delicati stuzzichini per accompagnare Champagne e cocktail e godersi la terrazza panoramica, tra gusto e raffinatezza.<\/p>\r\n\r\n<\/div>\r\n<div class=\"container mx-auto md:max-w-6xl hidden md:grid grid-cols-3 gap-1 md:gap-2\"><picture class=\"o-image\" data-scroll=\"\" data-scroll-speed=\"-1\"> <img decoding=\"async\" class=\"w-auto md:h-[580px] object-contain\" src=\"https:\/\/www.champagne-thienot.com\/wp-content\/themes\/thienot\/assets\/img\/bar\/maison-thienot-bar-04.jpg\" alt=\"Champagne Thi\u00e9not \u2013 cath\u00e9drale - Reims\" \/> <\/picture> <picture class=\"o-image\" data-scroll=\"\" data-scroll-speed=\"-1\"> <img decoding=\"async\" class=\"w-auto md:h-[580px] object-contain\" src=\"https:\/\/www.champagne-thienot.com\/wp-content\/themes\/thienot\/assets\/img\/bar\/maison-thienot-bar-05.jpg\" alt=\"Champagne thienot \u2013 vigne \u2013 savoir-faire\" \/> <\/picture> <picture class=\"o-image\" data-scroll=\"\" data-scroll-speed=\"-1\"> <img decoding=\"async\" class=\"w-auto md:h-[580px] object-contain\" src=\"https:\/\/www.champagne-thienot.com\/wp-content\/themes\/thienot\/assets\/img\/bar\/maison-thienot-bar-06.jpg\" alt=\"Champagne thienot \u2013 vigne \u2013 savoir-faire\" \/> <\/picture><\/div>\r\n<div class=\" swiper swiper-classic relative md:hidden\">\r\n<div class=\"swiper-wrapper\"><picture class=\"swiper-slide\" data-scroll=\"\" data-scroll-speed=\"-1\"> <img decoding=\"async\" class=\"w-auto md:h-[580px] object-contain\" src=\"https:\/\/www.champagne-thienot.com\/wp-content\/themes\/thienot\/assets\/img\/bar\/maison-thienot-bar-04.jpg\" alt=\"Champagne Thi\u00e9not \u2013 cath\u00e9drale - Reims\" \/> <\/picture> <picture class=\"swiper-slide\" data-scroll=\"\" data-scroll-speed=\"-1\"> <img decoding=\"async\" class=\"w-auto md:h-[580px] object-contain\" src=\"https:\/\/www.champagne-thienot.com\/wp-content\/themes\/thienot\/assets\/img\/bar\/maison-thienot-bar-05.jpg\" alt=\"Champagne thienot \u2013 vigne \u2013 savoir-faire\" \/> <\/picture> <picture class=\"swiper-slide\" data-scroll=\"\" data-scroll-speed=\"-1\"> <img decoding=\"async\" class=\"w-auto md:h-[580px] object-contain\" src=\"https:\/\/www.champagne-thienot.com\/wp-content\/themes\/thienot\/assets\/img\/bar\/maison-thienot-bar-06.jpg\" alt=\"Champagne thienot \u2013 vigne \u2013 savoir-faire\" \/> <\/picture><\/div>\r\n<div class=\"swiper-pagination md:hidden\"><\/div>\r\n<\/div>\r\n<div class=\"container mx-auto md:max-w-5xl pt-8 md:pt-16 pb-16 px-4 md:px-0 text-center\" data-scroll-section=\"\">\r\n<h2 class=\"text-center font-theartisan text-rouge text-2xl md:text-4xl mb-8\">Un luogo insolito nel cuore di Reims<\/h2>\r\n<p class=\"text-center pb-10\">Capitale mondiale dello Champagne, Reims \u00e8 una citt\u00e0 vibrante, rinomata per i suoi vini e le sue cantine d&#8217;eccezione. Il nostro rooftop con terrazza panoramica rappresenta una tappa imprescindibile del tuo soggiorno in Champagne. Che tu viva gi\u00e0 a Reims e sia alla ricerca di qualcosa di nuovo, o che tu sia un viaggiatore in cerca di un&#8217;esperienza fuori dal comune, questo luogo ti offrir\u00e0 un&#8217;esperienza davvero irripetibile!<\/p>\r\n<p style=\"text-align: center;\"><a class=\"text-white bg-rouge uppercase hover:bg-black py-5 px-5 cursor-pointer mb-6\" href=\"https:\/\/www.champagne-thienot.com\/it\/esperienza-enoturistica\/\">Scopri Le 3<\/a><\/p>\r\n\r\n<\/div>\r\n<section id=\"faq\" class=\"container mx-auto md:max-w-6xl pb-16 md:pt-8 px-0\">\r\n<h2 class=\"text-center text-black mb-6 h2_uppercase\">FAQ<\/h2>\r\n<div class=\"divide-y divide-gray-300 xl:ml-12 px-0\">\r\n<div class=\"py-6 faq-item border-t border-gray-300 pl-4 md:pl-8\">\r\n<h3 class=\"text-black text-base\">1. Quali tipi di Champagne si possono degustare al Bar \u00e0 Champagne Thi\u00e9not?<\/h3>\r\n<div>L\u2019intera gamma di Champagne della Maison Thi\u00e9not, insieme a una selezione di vini di produttori partner, \u00e8 disponibile.<\/div>\r\n<\/div>\r\n<div class=\"py-6 faq-item pl-4 md:pl-8\">\r\n<h3 class=\"text-black text-base\">2. \u00c8 necessario prenotare per accedere al Bar \u00e0 Champagne?<\/h3>\r\n<div>Consigliamo di chiamarci al numero +33 (0)3 26 77 12 69 per prenotare il vostro tavolo.<\/div>\r\n<\/div>\r\n<div class=\"py-6 faq-item pl-4 md:pl-8\">\r\n<h3 class=\"text-black text-base\">3. Il bar propone taglieri o piatti in abbinamento agli Champagne?<\/h3>\r\n<div>Proponiamo un men\u00f9 esclusivo, pensato per esaltare ogni bevanda.<\/div>\r\n<\/div>\r\n<div class=\"py-6 faq-item pl-4 md:pl-8\">\r\n<h3 class=\"text-black text-base\">4. \u00c8 presente una terrazza o uno spazio esterno?<\/h3>\r\n<div>In estate, \u00e8 possibile accedere alla terrazza rooftop.<\/div>\r\n<\/div>\r\n<div class=\"py-6 faq-item pl-4 md:pl-8\">\r\n<h3 class=\"text-black text-base\">5. \u00c8 possibile privatizzare il bar per un evento privato o professionale?<\/h3>\r\n<div>\u00c8 possibile riservare il bar per eventi.<\/div>\r\n<\/div>\r\n<div class=\"py-6 faq-item pl-4 md:pl-8\">\r\n<h3 class=\"text-black text-base\">6. Il bar \u00e8 aperto al pubblico o \u00e8 riservato solo ai clienti dell&#8217;hotel?<\/h3>\r\n<div>Il bar \u00e8 aperto al pubblico.<\/div>\r\n<\/div>\r\n<div class=\"py-6 faq-item pl-4 md:pl-8\" style=\"display: none;\">\r\n<h3 class=\"text-black text-base\">7. Quali sono gli orari di apertura del bar \u00e0 Champagne?<\/h3>\r\n<div>Da mercoled\u00ec a sabato: 15:30 \u2013 23:00 &#8211; Domenica: 12:30 \u2013 18:00<\/div>\r\n<\/div>\r\n<div class=\"py-6 faq-item pl-4 md:pl-8\" style=\"display: none;\">\r\n<h3 class=\"text-black text-base\">8. Vengono organizzati regolarmente eventi o serate speciali?<\/h3>\r\n<div>\r\n<div>\r\n<div>S\u00ec, vi invitiamo a seguire i nostri social media per rimanere aggiornati sui nostri eventi.<\/div>\r\n<\/div>\r\n<\/div>\r\n<\/div>\r\n<div class=\"py-6 faq-item pl-4 md:pl-8\" style=\"display: none;\">\r\n<h3 class=\"text-black text-base\">9. \u00c8 possibile acquistare le cuv\u00e9e degustate sul posto?<\/h3>\r\n<div>\r\n<div>\r\n<div>La boutique, aperta tutti i giorni dalle 10:00 alle 19:00, vi permette di acquistare le cuv\u00e9e della Maison Thi\u00e9not.<\/div>\r\n<\/div>\r\n<\/div>\r\n<\/div>\r\n<div class=\"py-6 faq-item pl-4 md:pl-8\" style=\"display: none;\">\r\n<h3 class=\"text-black text-base\">10. Gli animali domestici sono ammessi?<\/h3>\r\n<div>\r\n<div>\r\n<div>Poich\u00e9 la struttura \u00e8 anche un sito di produzione, gli animali domestici non sono ammessi.<\/div>\r\n<\/div>\r\n<\/div>\r\n<\/div>\r\n<div class=\"py-6 faq-item pl-4 md:pl-8\" style=\"display: none;\">\r\n<h3 class=\"text-black text-base\">11. Il luogo \u00e8 accessibile alle persone con mobilit\u00e0 ridotta?<\/h3>\r\n<div>\r\n<div>\r\n<div>La struttura \u00e8 accessibile alle persone con mobilit\u00e0 ridotta.<\/div>\r\n<\/div>\r\n<\/div>\r\n<\/div>\r\n<\/div>\r\n<div class=\"flex justify-center\"><button class=\"text-center btn-hexagone btn-plus btn-toggle mx-auto\" data-btn-toggle=\"text-plus-1\"> <span class=\"sr-only\">Voir plus<\/span> <\/button><\/div>\r\n<\/section>","protected":false},"excerpt":{"rendered":"<p>Un calice di Champagne con una vista mozzafiato sui tetti di Reims Un rooftop con la vista pi\u00f9 bella di Reims Degustare un calice di Champagne di fronte ai tetti illuminati di Reims: cosa c&#8217;\u00e8 di pi\u00f9 magico? In un&#8217;atmosfera al contempo elegante e casual, il nostro rooftop si presenta come una vera e propria&hellip; <a class=\"more-link\" href=\"https:\/\/www.champagne-thienot.com\/it\/esperienza-enoturistica\/bar-tetti-reims\/\">Continue reading <span class=\"screen-reader-text\">Bar \u00e0 Champagne a Reims con rooftop e vista panoramica \u2013 Le 3<\/span><\/a><\/p>\n","protected":false},"author":3,"featured_media":19796,"parent":19758,"menu_order":0,"comment_status":"closed","ping_status":"closed","template":"","meta":{"_seopress_robots_primary_cat":"","_seopress_titles_title":"Bar \u00e0 Champagne a Reims con rooftop e vista panoramica \u2013 Le 3","_seopress_titles_desc":"Vieni a degustare Champagne d\u2019eccezione nel nostro bar rooftop nel centro di Reims e lasciati avvolgere da un\u2019atmosfera conviviale con una vista panoramica unica.","_seopress_robots_index":"","inline_featured_image":false,"footnotes":""},"class_list":{"0":"post-19795","1":"page","2":"type-page","3":"status-publish","4":"has-post-thumbnail","6":"entry"},"_links":{"self":[{"href":"https:\/\/www.champagne-thienot.com\/it\/wp-json\/wp\/v2\/pages\/19795","targetHints":{"allow":["GET"]}}],"collection":[{"href":"https:\/\/www.champagne-thienot.com\/it\/wp-json\/wp\/v2\/pages"}],"about":[{"href":"https:\/\/www.champagne-thienot.com\/it\/wp-json\/wp\/v2\/types\/page"}],"author":[{"embeddable":true,"href":"https:\/\/www.champagne-thienot.com\/it\/wp-json\/wp\/v2\/users\/3"}],"replies":[{"embeddable":true,"href":"https:\/\/www.champagne-thienot.com\/it\/wp-json\/wp\/v2\/comments?post=19795"}],"version-history":[{"count":6,"href":"https:\/\/www.champagne-thienot.com\/it\/wp-json\/wp\/v2\/pages\/19795\/revisions"}],"predecessor-version":[{"id":20826,"href":"https:\/\/www.champagne-thienot.com\/it\/wp-json\/wp\/v2\/pages\/19795\/revisions\/20826"}],"up":[{"embeddable":true,"href":"https:\/\/www.champagne-thienot.com\/it\/wp-json\/wp\/v2\/pages\/19758"}],"wp:featuredmedia":[{"embeddable":true,"href":"https:\/\/www.champagne-thienot.com\/it\/wp-json\/wp\/v2\/media\/19796"}],"wp:attachment":[{"href":"https:\/\/www.champagne-thienot.com\/it\/wp-json\/wp\/v2\/media?parent=19795"}],"curies":[{"name":"wp","href":"https:\/\/api.w.org\/{rel}","templated":true}]}}