{"id":19779,"date":"2026-01-28T16:33:37","date_gmt":"2026-01-28T15:33:37","guid":{"rendered":"https:\/\/www.champagne-thienot.com\/esperienza-enoturistica\/lieu-reception-seminaire-reims\/"},"modified":"2026-03-13T11:48:10","modified_gmt":"2026-03-13T10:48:10","slug":"luogo-ricevimento-seminario-reims","status":"publish","type":"page","link":"https:\/\/www.champagne-thienot.com\/it\/esperienza-enoturistica\/luogo-ricevimento-seminario-reims\/","title":{"rendered":"Il luogo ideale per i tuoi eventi privati"},"content":{"rendered":"<div class=\"md:p-4 h-[60vh] md:h-[95vh] xl:h-screen relative flex\" data-scroll-section=\"\">\r\n<div class=\"w-full relative\"><img loading=\"lazy\" decoding=\"async\" class=\"object-cover w-full h-full alignnone wp-image-15510 size-full\" title=\"Champagne Thi\u00e9not \u2013 visite de caves\" src=\"https:\/\/www.champagne-thienot.com\/wp-content\/themes\/thienot\/assets\/img\/receptions\/maison-thienot-reception-bandeau.jpg\" alt=\"Champagne Thi\u00e9not \u2013 visite de caves\" width=\"1784\" height=\"1000\" \/><\/div>\r\n<h1 class=\"h2_uppercase text-md md:text-xl w-max text-center text-white absolute left-1\/2 -translate-x-1\/2 top-[4.5rem] md:top-20\">Il luogo ideale\r\nper i tuoi eventi privati<\/h1>\r\n<nav class=\"visitesdescaves-menu w-[calc(100%-2rem)] hidden md:flex justify-center absolute bg-beige bottom-4 gap-16 py-5 mt-4 \"><a class=\" text-black transition-all duration-200 text-2md hover:text-rouge hover:underline\" href=\"#espace-modulable\">Spazi versatili<\/a>\r\n<a class=\" text-black transition-all duration-200 text-2md hover:text-rouge hover:underline\" href=\"#offre-sur-mesure\">Un&#8217;offerta su misura<\/a>\r\n<a class=\" text-black transition-all duration-200 text-2md hover:text-rouge hover:underline\" href=\"#faq\">FAQ<\/a><\/nav><\/div>\r\n<div class=\"container mx-auto md:max-w-3xl pt-8 md:pt-16 md:pb-16 px-4 md:px-0 text-center\" data-scroll-section=\"\">\r\n<p class=\"uppercase text-center pb-8\"><strong>Privatizza una sala esclusiva a Reims<\/strong><\/p>\r\n\r\n<h2 class=\"text-center font-theartisan text-rouge text-2xl md:text-4xl mb-8\">Nel cuore della Champagne<\/h2>\r\n<p class=\"mb-4 text-center\">Un evento di successo diventa davvero indimenticabile quando trova una cornice capace di renderlo unico. Nel cuore di Reims, a pochi passi dalla cattedrale e dalle principali attrazioni cittadine, <strong>Le 3 di Champagne Thi\u00e9not<\/strong> \u00e8 la location ideale per <strong>ricevimenti, cocktail aziendali, seminari, compleanni ed eventi privati<\/strong>. L&#8217;arte dell&#8217;ospitalit\u00e0 si esprime in un ambiente al tempo stesso prestigioso e accogliente, dove ogni dettaglio \u00e8 studiato per offrire un&#8217;esperienza su misura e memorabile.<\/p>\r\n<p class=\"mb-4 text-center\">Unendo il fascino autentico della Champagne a un&#8217;eleganza contemporanea, la Maison propone un&#8217;offerta eventi distintiva nel panorama di Reims. Che si tratti di un&#8217;azienda alla ricerca di uno spazio per un seminario, di un organizzatore di eventi o di un privato che desidera celebrare un&#8217;occasione speciale, Le 3 \u00e8 una promessa di eleganza, servizi su misura e un&#8217;atmosfera che lascia il segno.<\/p>\r\n\r\n<\/div>\r\n<div class=\"container mx-auto md:max-w-6xl px-8 pb-8 md:px-0 swiper-droit-gauche\">\r\n<div class=\"hidden md:flex relative\">\r\n<div class=\"w-2\/5 pr-2 md:ml-12\">\r\n<div class=\"swiper swiper-gauche\">\r\n<div class=\"swiper-wrapper\">\r\n<div class=\"swiper-slide\"><img decoding=\"async\" src=\"https:\/\/www.champagne-thienot.com\/wp-content\/themes\/thienot\/assets\/img\/receptions\/maison-thienot-reception-slide-01.jpg\" alt=\"\" \/><\/div>\r\n<div class=\"swiper-slide\"><img decoding=\"async\" src=\"https:\/\/www.champagne-thienot.com\/wp-content\/themes\/thienot\/assets\/img\/receptions\/maison-thienot-reception-slide-03.jpg\" alt=\"\" \/><\/div>\r\n<div class=\"swiper-slide\"><img decoding=\"async\" src=\"https:\/\/www.champagne-thienot.com\/wp-content\/themes\/thienot\/assets\/img\/receptions\/maison-thienot-reception-slide-04.jpg\" alt=\"\" \/><\/div>\r\n<\/div>\r\n<\/div>\r\n<\/div>\r\n<div class=\"w-2\/5 relative\">\r\n<div class=\"w-full md:w-72 2xl:w-80\">\r\n<div class=\"swiper swiper-droit\">\r\n<div class=\"swiper-wrapper\">\r\n<div class=\"swiper-slide\"><img decoding=\"async\" src=\"https:\/\/www.champagne-thienot.com\/wp-content\/themes\/thienot\/assets\/img\/receptions\/maison-thienot-reception-slide-03.jpg\" alt=\"Visites des caves\" \/><\/div>\r\n<div class=\"swiper-slide\"><img decoding=\"async\" src=\"https:\/\/www.champagne-thienot.com\/wp-content\/themes\/thienot\/assets\/img\/receptions\/maison-thienot-reception-slide-04.jpg\" alt=\"Visites des caves\" \/><\/div>\r\n<div class=\"swiper-slide\"><img decoding=\"async\" src=\"https:\/\/www.champagne-thienot.com\/wp-content\/themes\/thienot\/assets\/img\/receptions\/maison-thienot-reception-slide-02.jpg\" alt=\"\" \/><\/div>\r\n<\/div>\r\n<\/div>\r\n<div class=\"hidden md:block\"><button class=\"btn-big-next absolute top-24 -right-12 \"><span class=\"sr-only\">Suivant<\/span><\/button><\/div>\r\n<\/div>\r\n<div class=\"md:pl-14 pt-10 md:pt-14 max-w-2xl\" data-scroll=\"\" data-scroll-speed=\"1\">\r\n<h2 class=\"max-w-[24rem] text-lg md:text-xl md:pb-6\">Spazi versatili per i tuoi eventi<\/h2>\r\n<p class=\"text-left\">Per soddisfare ogni gusto ed esigenza, Le 3 mette a disposizione <strong>sei ambienti distinti<\/strong>, ciascuno con un carattere unico, progettati sia per incontri pi\u00f9 raccolti sia per grandi ricevimenti.<\/p>\r\n\r\n<\/div>\r\n<\/div>\r\n<\/div>\r\n<\/div>\r\n<h2 class=\"text-center font-theartisan text-rouge text-2xl px-4 md:px-2 md:text-2xl md:my-8\">Scegli il luogo pi\u00f9 adatto alle tue esigenze<\/h2>\r\n<div id=\"espace-modulable\" class=\"bg-beige md:my-10 pt-12\" data-scroll-section=\"\">\r\n<div class=\"container mx-auto md:max-w-6xl px-4 md:px-0 grid grid-cols-1 md:grid-cols-3 justify-center \">\r\n<div class=\"p-0 md:p-4 flex flex-col items-start\"><img decoding=\"async\" src=\"https:\/\/www.champagne-thienot.com\/wp-content\/themes\/thienot\/assets\/img\/receptions\/maison-thienot-reception-05.jpg\" alt=\"Bouteille Champagne Thi\u00e9not - Cuv\u00e9e Garance 2012\" \/>\r\n<div class=\"pl-2 md:pr-6 py-4 md:py-6\">\r\n<h4 class=\"uppercase font-body\">La sala\r\nOrigine<\/h4>\r\n<p class=\"mb-8 text-sm text-left\">Discreta e raffinata, questa sala privata pu\u00f2 accogliere una decina di ospiti: ideale per riunioni private, pranzi d&#8217;affari o eventi tra pochi intimi. Una vera e propria oasi di eleganza e serenit\u00e0 nel cuore della citt\u00e0.<\/p>\r\n\r\n<\/div>\r\n<\/div>\r\n<div class=\"p-0 md:p-4 flex flex-col items-start\"><img decoding=\"async\" src=\"https:\/\/www.champagne-thienot.com\/wp-content\/themes\/thienot\/assets\/img\/receptions\/maison-thienot-reception-07.jpg\" alt=\"Bouteille Champagne Thi\u00e9not - Cuv\u00e9e Garance 2012\" \/>\r\n<div class=\"pl-2 md:pr-6 py-4 md:py-6\">\r\n<h4 class=\"uppercase font-body\">Le Lab, nel cuore\r\ndelle nostre cantine<\/h4>\r\n<p class=\"mb-8 text-sm text-left\">Insieme ai tuoi ospiti, immergiti nell&#8217;atmosfera autentica e raccolta di Le Lab, situato nelle cantine storiche della Maison. Questa cornice senza tempo pu\u00f2 accogliere fino a <strong>20 persone<\/strong>, per vivere un&#8217;esperienza esclusiva a stretto contatto con l&#8217;anima della Champagne.<\/p>\r\n\r\n<\/div>\r\n<\/div>\r\n<div class=\"p-0 md:p-4 flex flex-col items-start\"><img decoding=\"async\" src=\"https:\/\/www.champagne-thienot.com\/wp-content\/themes\/thienot\/assets\/img\/receptions\/maison-thienot-reception-03.jpg\" alt=\"Bouteille Champagne Thi\u00e9not - Cuv\u00e9e Garance 2012\" \/>\r\n<div class=\"pl-2 md:pr-6 py-4 md:py-6\">\r\n<h4 class=\"uppercase font-body\">Il bar\r\ncon terrazza panoramica<\/h4>\r\n<p class=\"mb-8 text-sm text-left\">Il nostro Bar \u00e0 Champagne con rooftop offre una vista panoramica sui tetti di Reims. Un&#8217;oasi di tranquillit\u00e0 dall&#8217;atmosfera accogliente, ideale per afterwork eleganti, degustazioni private o cocktail esclusivi fino a <strong>25 ospiti<\/strong>. L&#8217;atmosfera al contempo chic e disinvolta trasformer\u00e0 ogni evento in un ricordo indimenticabile.<\/p>\r\n\r\n<\/div>\r\n<\/div>\r\n<div class=\"p-0 md:p-4 flex flex-col items-start\"><img decoding=\"async\" src=\"https:\/\/www.champagne-thienot.com\/wp-content\/themes\/thienot\/assets\/img\/receptions\/maison-thienot-reception-04.jpg\" alt=\"Bouteille Champagne Thi\u00e9not - Cuv\u00e9e Garance 2012\" \/>\r\n<div class=\"pl-2 md:pr-6 py-4 md:py-6\">\r\n<h4 class=\"uppercase font-body\">La sala familiare con\r\nterrazza privatizzabile<\/h4>\r\n<p class=\"mb-8 text-sm text-left\">Questa sala luminosa e conviviale pu\u00f2 accogliere fino a <strong>35 persone<\/strong>. La terrazza adiacente offre un&#8217;area esterna riservata, perfetta per un <strong>pranzo di lavoro<\/strong> a Reims, un cocktail o un ricevimento privato. Una cornice perfetta in cui interni ed esterni si fondono armoniosamente.<\/p>\r\n\r\n<\/div>\r\n<\/div>\r\n<div class=\"p-0 md:p-4 flex flex-col items-start\"><img decoding=\"async\" src=\"https:\/\/www.champagne-thienot.com\/wp-content\/themes\/thienot\/assets\/img\/receptions\/maison-thienot-reception-cloitre.jpg\" alt=\"Bouteille Champagne Thi\u00e9not - Cuv\u00e9e Garance 2012\" \/>\r\n<div class=\"pl-2 md:pr-6 py-4 md:py-6\">\r\n<h4 class=\"uppercase font-body\">Il\r\nchiostro<\/h4>\r\n<p class=\"mb-8 text-sm text-left\">Situato al piano terra, \u00e8 lo spazio pi\u00f9 ampio della nostra struttura: pu\u00f2 ospitare da <strong>100 a 150 invitati<\/strong> per <strong>cocktail, lanci di prodotti, gala ed eventi aziendali<\/strong>. I suoi volumi generosi ne fanno una cornice memorabile per eventi di grande portata.<\/p>\r\n\r\n<\/div>\r\n<\/div>\r\n<div class=\"p-0 md:p-4 flex flex-col items-start\"><img decoding=\"async\" src=\"https:\/\/www.champagne-thienot.com\/wp-content\/themes\/thienot\/assets\/img\/receptions\/maison-thienot-reception-06.jpg\" alt=\"Bouteille Champagne Thi\u00e9not - Cuv\u00e9e Garance 2012\" \/>\r\n<div class=\"pl-2 md:pr-6 py-4 md:py-6\">\r\n<h4 class=\"uppercase font-body\">La sala di\r\ndegustazione<\/h4>\r\n<p class=\"mb-8 text-sm text-left\">Pensata per gli amanti delle esperienze sensoriali, pu\u00f2 ospitare <strong>30 persone<\/strong>. Il luogo ideale per atelier di enologia, abbinamenti cibo-vino, cene tematiche o presentazioni esclusive.<\/p>\r\n\r\n<\/div>\r\n<\/div>\r\n<\/div>\r\n<div class=\"container mx-auto md:max-w-6xl px-4 md:px-0 pb-16 text-center\">\r\n<p class=\" text-center pb-10\"><strong>Contattaci per organizzare il tuo evento su misura<\/strong><\/p>\r\n<p style=\"text-align: center;\"><a class=\"text-white bg-rouge uppercase hover:bg-black py-5 px-5 cursor-pointer mb-6\" href=\"&#109;&#x61;i&#x6c;&#x74;&#111;&#x3a;c&#x6f;&#x6e;&#116;&#x61;c&#x74;&#x2e;&#108;&#x65;3&#x40;&#x74;&#104;&#x69;e&#x6e;&#x6f;&#116;&#x2e;c&#x6f;&#x6d;\">Prenota una sala<\/a><\/p>\r\n\r\n<\/div>\r\n<\/div>\r\n<div id=\"offre-sur-mesure\" class=\"container mx-auto max-w-4xl pt-8 pb-8 px-6 md:px-0\" data-scroll-section=\"\">\r\n<h2 class=\"h2_uppercase text-rouge pb-0 text-center\">Un&#8217;offerta di eventi <span class=\"text-black mb-6 h2_uppercase text-center mx-auto max-w-3xl\">\r\nsu misura<\/span><\/h2>\r\n<p class=\"text-black text-base text-center mb-8\">Oltre ai suoi spazi unici, Le 3 propone un&#8217;esperienza chiavi in mano, progettata per rendere ogni evento unico e indimenticabile. I nostri team di esperti ti accompagneranno in ogni fase, dalla progettazione alla realizzazione, per creare un evento che rifletta perfettamente la tua immagine e le tue esigenze.<\/p>\r\n\r\n<div class=\"flex flex-col md:flex-row md:gap-16 mb-8\">\r\n<ul class=\"list-disc list-inside md:mb-4 \">\r\n \t<li class=\"pb-4\"><strong>Gastronomia raffinata<\/strong>: un servizio di catering selezionato con cura e creazioni gastronomiche personalizzate in base ai desideri e alle esigenze.<\/li>\r\n \t<li class=\"pb-4\"><strong>Champagne e vini<\/strong>: una selezione di Champagne Thi\u00e9not e cuv\u00e9e partner per sublimare ogni evento.<\/li>\r\n<\/ul>\r\n<ul class=\"list-disc list-inside md:mb-4 \">\r\n \t<li class=\"pb-4\"><strong>Animazioni su misura<\/strong>: musica, atelier di enologia, esperienze gastronomiche e degustazioni guidate.<\/li>\r\n \t<li class=\"pb-4\"><strong>Tecnologia e comfort<\/strong>: tecnologie moderne per conferenze, seminari e presentazioni.<\/li>\r\n<\/ul>\r\n<\/div>\r\n<p class=\"text-center \">Ogni progetto \u00e8 concepito nel rispetto dell&#8217;identit\u00e0 dell&#8217;evento, che sia un <strong>seminario professionale<\/strong> o un ricevimento privato nel cuore della Champagne.<\/p>\r\n\r\n<\/div>\r\n<section class=\"container mx-auto max-w-6xl flex flex-col md:flex-row items-start gap-4 md:gap-12 md:pt-24 pb-16 px-4 xl:px-0\">\r\n<div class=\"md:w-2\/5 w-full min-w-[300px]\"><img decoding=\"async\" src=\"https:\/\/www.champagne-thienot.com\/wp-content\/themes\/thienot\/assets\/img\/receptions\/maison-thienot-immersion-une-boutique-de-beaux-flacons-3.jpg\" alt=\"D\u00e9gustation \u2013 champagne thienot \" \/><\/div>\r\n<div class=\"md:w-3\/5 w-full text-left\">\r\n<h2 class=\"h2_uppercase text-rouge pb-0 pt-6\">Un luogo unico\r\n<span class=\"text-black mb-6 h2_uppercase\">per eventi memorabili<\/span><\/h2>\r\n<p class=\"mb-4\">Le 3 di Champagne Thi\u00e9not non \u00e8 solo una location, ma un&#8217;<strong>esperienza esclusiva nel cuore di Reims, capitale della Champagne<\/strong>. Grazie al nostro savoir-faire, agli spazi versatili e ai servizi su misura, ogni evento si trasforma in un momento unico per i tuoi ospiti, che si tratti di una cena intima, di un cocktail per un&#8217;occasione speciale o di un grande ricevimento aziendale.<\/p>\r\n<p class=\"mb-4\">Ci impegniamo a trasformare le tue idee in realt\u00e0, facendo di ogni evento un ricordo memorabile.<\/p>\r\n\r\n<\/div>\r\n<\/section>\r\n<div class=\"container mx-auto max-w-5xl px-4 md:px-0 md:pt-6\">\r\n<h2 class=\"h2_uppercase text-base pb-0 text-center\">Un&#8217;esperienza a 360\u00b0 <span class=\"text-center font-theartisan text-rouge text-2xl md:text-4xl mb-8 lowercase\">nel nostro boutique hotel<\/span><\/h2>\r\n<p class=\"mb-4 text-center\">Un evento d&#8217;eccezione merita di proseguire in grande stile: il nostro boutique hotel propone <strong>camere e suite eleganti<\/strong>, perfette per concludere la serata nel massimo del comfort e della raffinatezza.<\/p>\r\n<p class=\"mb-4 text-center\">I tuoi ospiti potranno partecipare all&#8217;evento senza preoccupazioni per gli spostamenti, immergendosi completamente in un&#8217;esperienza all&#8217;insegna dell&#8217;eleganza, relax e Art de Vivre \u00e0 la fran\u00e7aise.<\/p>\r\n<p class=\"mb-4 text-center\">Dotato di spa, bar con terrazza panoramica e camere raffinate, l&#8217;hotel completa armoniosamente la nostra offerta di eventi, trasformando ogni soggiorno in un momento indimenticabile.<\/p>\r\n\r\n<\/div>\r\n<div class=\"container mx-auto md:max-w-5xl pt-4 pb-16 px-4 md:px-0 text-center\" data-scroll-section=\"\"><a class=\"text-white bg-rouge uppercase hover:bg-black py-5 px-5 cursor-pointer mb-6\" href=\"https:\/\/www.champagne-thienot.com\/it\/esperienza-enoturistica\/boutique-hotel-spa-di-reims\/\">Prenota una camera<\/a><\/div>\r\n<section id=\"faq\" class=\"container mx-auto md:max-w-6xl pb-16 px-0\">\r\n<h2 class=\"text-center text-black mb-6 h2_uppercase\">FAQ<\/h2>\r\n<div class=\"divide-y divide-gray-300 xl:ml-12 px-0\">\r\n<div class=\"py-6 faq-item border-t border-gray-300 pl-4 md:pl-8\">\r\n<h3 class=\"text-black text-base\">1. Che tipo di eventi \u00e8 possibile organizzare presso Le 3 di Champagne Thi\u00e9not?<\/h3>\r\n<div>I nostri spazi versatili e modulabili possono ospitare eventi privati per singoli e aziende.<\/div>\r\n<\/div>\r\n<div class=\"py-6 faq-item pl-4 md:pl-8\">\r\n<h3 class=\"text-black text-base\">2. Qual \u00e8 la capienza di ospiti per un ricevimento?<\/h3>\r\n<div>Le sale possono ospitare da una decina a un centinaio di persone, a seconda dell&#8217;opzione scelta.<\/div>\r\n<\/div>\r\n<div class=\"py-6 faq-item pl-4 md:pl-8\">\r\n<h3 class=\"text-black text-base\">3. \u00c8 possibile privatizzare le cantine o il Bar \u00e0 Champagne per un evento?<\/h3>\r\n<div>S\u00ec, \u00e8 possibile effettuare visite private delle cantine o riservare uno dei nostri spazi per un evento.<\/div>\r\n<\/div>\r\n<div class=\"py-6 faq-item pl-4 md:pl-8\">\r\n<h3 class=\"text-black text-base\">4. Gli eventi possono includere una visita delle cantine o una degustazione?<\/h3>\r\n<div>Gli eventi possono includere una visita delle cantine e\/o una degustazione delle nostre cuv\u00e9e.<\/div>\r\n<\/div>\r\n<div class=\"py-6 faq-item pl-4 md:pl-8\">\r\n<h3 class=\"text-black text-base\">5. \u00c8 possibile organizzare un matrimonio o una cerimonia in loco?<\/h3>\r\n<div>I nostri diversi spazi modulabili possono essere utilizzati per una cerimonia di matrimonio o per un cocktail.<\/div>\r\n<\/div>\r\n<div class=\"py-6 faq-item pl-4 md:pl-8\">\r\n<h3 class=\"text-black text-base\">6. Il sito dispone di uno spazio dedicato alle cerimonie di matrimonio?<\/h3>\r\n<div>I nostri diversi spazi modulabili possono essere utilizzati per una cerimonia di matrimonio o per un cocktail.<\/div>\r\n<\/div>\r\n<div class=\"py-6 faq-item pl-4 md:pl-8\">\r\n<h3 class=\"text-black text-base\">7. Il luogo \u00e8 accessibile alle persone con mobilit\u00e0 ridotta?<\/h3>\r\n<div>L&#8217;intero stabilimento \u00e8 accessibile alle persone con mobilit\u00e0 ridotta.<\/div>\r\n<\/div>\r\n<div class=\"py-6 faq-item pl-4 md:pl-8\" style=\"display: none;\">\r\n<h3 class=\"text-black text-base\">8. Sono disponibili attrezzature audiovisive o servizi per le aziende (seminari, team building)?<\/h3>\r\n<div>Disponiamo di televisori e schermi per proiezioni.<\/div>\r\n<\/div>\r\n<div class=\"py-6 faq-item pl-4 md:pl-8\" style=\"display: none;\">\r\n<h3 class=\"text-black text-base\">9. Ci sono restrizioni o orari da rispettare?<\/h3>\r\n<div>Per la tranquillit\u00e0 degli ospiti che soggiornano in hotel e per il vicinato, possono essere imposte restrizioni sugli orari a seconda del periodo dell\u2019anno e del giorno.<\/div>\r\n<\/div>\r\n<div class=\"py-6 faq-item pl-4 md:pl-8\" style=\"display: none;\">\r\n<h3 class=\"text-black text-base\">10. Offrite supporto personalizzato per la pianificazione degli eventi?<\/h3>\r\n<div>I nostri team sono a tua completa disposizione per aiutarti a organizzare l&#8217;evento.<\/div>\r\n<\/div>\r\n<div class=\"py-6 faq-item pl-4 md:pl-8\" style=\"display: none;\">\r\n<h3 class=\"text-black text-base\">11. \u00c8 possibile fornire l&#8217;alloggio agli ospiti in loco?<\/h3>\r\n<div>In base alla disponibilit\u00e0, \u00e8 possibile fornire l&#8217;alloggio agli ospiti presso la struttura.<\/div>\r\n<\/div>\r\n<div class=\"py-6 faq-item pl-4 md:pl-8\" style=\"display: none;\">\r\n<h3 class=\"text-black text-base\">12. Offrite un servizio catering o collaborazioni con chef locali?<\/h3>\r\n<div>Collaboriamo con chef locali per proporre un&#8217;ampia scelta gastronomica, cocktail o animazioni culinarie, adattabili in base al budget.<\/div>\r\n<\/div>\r\n<div class=\"py-6 faq-item pl-4 md:pl-8\" style=\"display: none;\">\r\n<h3 class=\"text-black text-base\">13. \u00c8 possibile personalizzare il men\u00f9 degli Champagne o bisogna consumare esclusivamente Champagne Thi\u00e9not?<\/h3>\r\n<div>No, possono essere offerti tutti i tipi di bevande.<\/div>\r\n<\/div>\r\n<div class=\"py-6 faq-item pl-4 md:pl-8\" style=\"display: none;\">\r\n<h3 class=\"text-black text-base\">14. Come si prenota uno spazio per un evento privato?<\/h3>\r\n<div>Non esitare a contattarci via mail all&#8217;indirizzo <a href=\"&#x6d;&#x61;&#105;l&#x74;&#x6f;&#x3a;&#99;o&#x6e;&#x74;&#x61;&#99;t&#x2e;&#x6c;&#x65;&#51;&#64;&#x74;&#x68;&#x69;&#101;n&#x6f;&#x74;&#x2e;&#99;o&#x6d;\">&#x63;&#x6f;&#110;&#116;a&#x63;&#x74;&#x2e;&#108;e3&#x40;&#x74;&#104;&#105;e&#x6e;&#x6f;&#x74;&#46;co&#x6d;<\/a> o al numero di telefono <a href=\"tel:0326771269\">+33 (0)3 26 77 12 69<\/a>.<\/div>\r\n<\/div>\r\n<\/div>\r\n<div class=\"flex justify-center\"><button class=\"text-center btn-hexagone btn-plus btn-toggle mx-auto\" data-btn-toggle=\"text-plus-1\"> <span class=\"sr-only\">Voir plus<\/span> <\/button><\/div>\r\n<\/section>","protected":false},"excerpt":{"rendered":"<p>Il luogo ideale per i tuoi eventi privati Spazi versatili Un&#8217;offerta su misura FAQ Privatizza una sala esclusiva a Reims Nel cuore della Champagne Un evento di successo diventa davvero indimenticabile quando trova una cornice capace di renderlo unico. Nel cuore di Reims, a pochi passi dalla cattedrale e dalle principali attrazioni cittadine, Le 3&hellip; <a class=\"more-link\" href=\"https:\/\/www.champagne-thienot.com\/it\/esperienza-enoturistica\/luogo-ricevimento-seminario-reims\/\">Continue reading <span class=\"screen-reader-text\">Il luogo ideale per i tuoi eventi privati<\/span><\/a><\/p>\n","protected":false},"author":3,"featured_media":19780,"parent":19758,"menu_order":0,"comment_status":"closed","ping_status":"closed","template":"","meta":{"_seopress_robots_primary_cat":"","_seopress_titles_title":"Ricevimenti privati e seminari a Reims - Champagne Thi\u00e9not","_seopress_titles_desc":"Serate, seminari aziendali, ricevimenti privati, matrimoni, compleanni... Organizza il tuo evento in un hotel di lusso nel cuore di Reims, dotato di spa e tanti altri servizi esclusivi.","_seopress_robots_index":"","inline_featured_image":false,"footnotes":""},"class_list":{"0":"post-19779","1":"page","2":"type-page","3":"status-publish","4":"has-post-thumbnail","6":"entry"},"_links":{"self":[{"href":"https:\/\/www.champagne-thienot.com\/it\/wp-json\/wp\/v2\/pages\/19779","targetHints":{"allow":["GET"]}}],"collection":[{"href":"https:\/\/www.champagne-thienot.com\/it\/wp-json\/wp\/v2\/pages"}],"about":[{"href":"https:\/\/www.champagne-thienot.com\/it\/wp-json\/wp\/v2\/types\/page"}],"author":[{"embeddable":true,"href":"https:\/\/www.champagne-thienot.com\/it\/wp-json\/wp\/v2\/users\/3"}],"replies":[{"embeddable":true,"href":"https:\/\/www.champagne-thienot.com\/it\/wp-json\/wp\/v2\/comments?post=19779"}],"version-history":[{"count":4,"href":"https:\/\/www.champagne-thienot.com\/it\/wp-json\/wp\/v2\/pages\/19779\/revisions"}],"predecessor-version":[{"id":20197,"href":"https:\/\/www.champagne-thienot.com\/it\/wp-json\/wp\/v2\/pages\/19779\/revisions\/20197"}],"up":[{"embeddable":true,"href":"https:\/\/www.champagne-thienot.com\/it\/wp-json\/wp\/v2\/pages\/19758"}],"wp:featuredmedia":[{"embeddable":true,"href":"https:\/\/www.champagne-thienot.com\/it\/wp-json\/wp\/v2\/media\/19780"}],"wp:attachment":[{"href":"https:\/\/www.champagne-thienot.com\/it\/wp-json\/wp\/v2\/media?parent=19779"}],"curies":[{"name":"wp","href":"https:\/\/api.w.org\/{rel}","templated":true}]}}