{"id":19746,"date":"2022-02-02T17:52:37","date_gmt":"2022-02-02T16:52:37","guid":{"rendered":"https:\/\/www.champagne-thienot.com\/collection-famille\/"},"modified":"2026-03-10T14:34:27","modified_gmt":"2026-03-10T13:34:27","slug":"collezione-famille","status":"publish","type":"page","link":"https:\/\/www.champagne-thienot.com\/it\/collezione-famille\/","title":{"rendered":"Collezione Famille"},"content":{"rendered":"","protected":false},"excerpt":{"rendered":"","protected":false},"author":3,"featured_media":19734,"parent":0,"menu_order":0,"comment_status":"closed","ping_status":"closed","template":"","meta":{"_seopress_robots_primary_cat":"","_seopress_titles_title":"Collezione Famille - Champagne millesimati, firmati dalla famiglia Thi\u00e9not","_seopress_titles_desc":"Degustare i nostri Champagne millesimati e la cuv\u00e9e Vinoth\u00e8que per assaporare il meglio del terroir della Champagne: l\u2019assemblaggio, un savoir-faire complesso","_seopress_robots_index":"","inline_featured_image":false,"footnotes":""},"class_list":{"0":"post-19746","1":"page","2":"type-page","3":"status-publish","4":"has-post-thumbnail","6":"entry"},"_links":{"self":[{"href":"https:\/\/www.champagne-thienot.com\/it\/wp-json\/wp\/v2\/pages\/19746","targetHints":{"allow":["GET"]}}],"collection":[{"href":"https:\/\/www.champagne-thienot.com\/it\/wp-json\/wp\/v2\/pages"}],"about":[{"href":"https:\/\/www.champagne-thienot.com\/it\/wp-json\/wp\/v2\/types\/page"}],"author":[{"embeddable":true,"href":"https:\/\/www.champagne-thienot.com\/it\/wp-json\/wp\/v2\/users\/3"}],"replies":[{"embeddable":true,"href":"https:\/\/www.champagne-thienot.com\/it\/wp-json\/wp\/v2\/comments?post=19746"}],"version-history":[{"count":2,"href":"https:\/\/www.champagne-thienot.com\/it\/wp-json\/wp\/v2\/pages\/19746\/revisions"}],"predecessor-version":[{"id":19751,"href":"https:\/\/www.champagne-thienot.com\/it\/wp-json\/wp\/v2\/pages\/19746\/revisions\/19751"}],"wp:featuredmedia":[{"embeddable":true,"href":"https:\/\/www.champagne-thienot.com\/it\/wp-json\/wp\/v2\/media\/19734"}],"wp:attachment":[{"href":"https:\/\/www.champagne-thienot.com\/it\/wp-json\/wp\/v2\/media?parent=19746"}],"curies":[{"name":"wp","href":"https:\/\/api.w.org\/{rel}","templated":true}]}}