{"id":19733,"date":"2026-03-10T11:57:26","date_gmt":"2026-03-10T10:57:26","guid":{"rendered":"https:\/\/www.champagne-thienot.com\/?page_id=19733"},"modified":"2026-03-10T11:57:43","modified_gmt":"2026-03-10T10:57:43","slug":"champagne-thienot-una-maison-familiare-indipendente-nel-cuore-di-reims","status":"publish","type":"page","link":"https:\/\/www.champagne-thienot.com\/it\/","title":{"rendered":"Champagne Thi\u00e9not: una Maison familiare indipendente nel cuore di Reims"},"content":{"rendered":"","protected":false},"excerpt":{"rendered":"","protected":false},"author":3,"featured_media":19734,"parent":0,"menu_order":0,"comment_status":"closed","ping_status":"closed","template":"","meta":{"_seopress_robots_primary_cat":"","_seopress_titles_title":"Champagne Thi\u00e9not: una Maison familiare indipendente nel cuore di Reims","_seopress_titles_desc":"Dal 1985, la famiglia Thi\u00e9not produce Champagne che fondono eleganza e modernit\u00e0. Vini d\u2019eccezione che racchiudono il meglio dei vigneti di Reims.","_seopress_robots_index":"","inline_featured_image":false,"footnotes":""},"class_list":{"0":"post-19733","1":"page","2":"type-page","3":"status-publish","4":"has-post-thumbnail","6":"entry"},"_links":{"self":[{"href":"https:\/\/www.champagne-thienot.com\/it\/wp-json\/wp\/v2\/pages\/19733","targetHints":{"allow":["GET"]}}],"collection":[{"href":"https:\/\/www.champagne-thienot.com\/it\/wp-json\/wp\/v2\/pages"}],"about":[{"href":"https:\/\/www.champagne-thienot.com\/it\/wp-json\/wp\/v2\/types\/page"}],"author":[{"embeddable":true,"href":"https:\/\/www.champagne-thienot.com\/it\/wp-json\/wp\/v2\/users\/3"}],"replies":[{"embeddable":true,"href":"https:\/\/www.champagne-thienot.com\/it\/wp-json\/wp\/v2\/comments?post=19733"}],"version-history":[{"count":1,"href":"https:\/\/www.champagne-thienot.com\/it\/wp-json\/wp\/v2\/pages\/19733\/revisions"}],"predecessor-version":[{"id":19735,"href":"https:\/\/www.champagne-thienot.com\/it\/wp-json\/wp\/v2\/pages\/19733\/revisions\/19735"}],"wp:featuredmedia":[{"embeddable":true,"href":"https:\/\/www.champagne-thienot.com\/it\/wp-json\/wp\/v2\/media\/19734"}],"wp:attachment":[{"href":"https:\/\/www.champagne-thienot.com\/it\/wp-json\/wp\/v2\/media?parent=19733"}],"curies":[{"name":"wp","href":"https:\/\/api.w.org\/{rel}","templated":true}]}}