{"id":669,"date":"2022-02-02T17:52:37","date_gmt":"2022-02-02T16:52:37","guid":{"rendered":"https:\/\/www.champagne-thienot.com\/cuvees-famille\/"},"modified":"2022-05-20T11:24:52","modified_gmt":"2022-05-20T09:24:52","slug":"collection-famille","status":"publish","type":"page","link":"https:\/\/www.champagne-thienot.com\/en\/collection-famille\/","title":{"rendered":"Collection Famille"},"content":{"rendered":"","protected":false},"excerpt":{"rendered":"","protected":false},"author":3,"featured_media":885,"parent":0,"menu_order":0,"comment_status":"closed","ping_status":"closed","template":"","meta":{"_seopress_robots_primary_cat":"","_seopress_titles_title":"Family Collection - Only vintage champagnes, signed by the Thi\u00e9not family","_seopress_titles_desc":"Taste our vintage cuv\u00e9es and our vinoth\u00e8que to enjoy what the Champagne terroir offers the best: the complexity of the blending know-how","_seopress_robots_index":"","inline_featured_image":false,"footnotes":""},"class_list":{"0":"post-669","1":"page","2":"type-page","3":"status-publish","4":"has-post-thumbnail","6":"entry"},"_links":{"self":[{"href":"https:\/\/www.champagne-thienot.com\/en\/wp-json\/wp\/v2\/pages\/669","targetHints":{"allow":["GET"]}}],"collection":[{"href":"https:\/\/www.champagne-thienot.com\/en\/wp-json\/wp\/v2\/pages"}],"about":[{"href":"https:\/\/www.champagne-thienot.com\/en\/wp-json\/wp\/v2\/types\/page"}],"author":[{"embeddable":true,"href":"https:\/\/www.champagne-thienot.com\/en\/wp-json\/wp\/v2\/users\/3"}],"replies":[{"embeddable":true,"href":"https:\/\/www.champagne-thienot.com\/en\/wp-json\/wp\/v2\/comments?post=669"}],"version-history":[{"count":1,"href":"https:\/\/www.champagne-thienot.com\/en\/wp-json\/wp\/v2\/pages\/669\/revisions"}],"predecessor-version":[{"id":696,"href":"https:\/\/www.champagne-thienot.com\/en\/wp-json\/wp\/v2\/pages\/669\/revisions\/696"}],"wp:featuredmedia":[{"embeddable":true,"href":"https:\/\/www.champagne-thienot.com\/en\/wp-json\/wp\/v2\/media\/885"}],"wp:attachment":[{"href":"https:\/\/www.champagne-thienot.com\/en\/wp-json\/wp\/v2\/media?parent=669"}],"curies":[{"name":"wp","href":"https:\/\/api.w.org\/{rel}","templated":true}]}}