{"id":666,"date":"2022-04-26T12:37:04","date_gmt":"2022-04-26T10:37:04","guid":{"rendered":"https:\/\/www.champagne-thienot.com\/?page_id=666"},"modified":"2022-05-20T11:25:29","modified_gmt":"2022-05-20T09:25:29","slug":"collection-origine","status":"publish","type":"page","link":"https:\/\/www.champagne-thienot.com\/en\/collection-origine\/","title":{"rendered":"Collection Origine"},"content":{"rendered":"","protected":false},"excerpt":{"rendered":"","protected":false},"author":3,"featured_media":885,"parent":0,"menu_order":0,"comment_status":"closed","ping_status":"closed","template":"","meta":{"_seopress_robots_primary_cat":"","_seopress_titles_title":"Collection Origine - Champagne brut, blanc de blancs, ros\u00e9 ... The Thi\u00e9not signature style","_seopress_titles_desc":"Discover our cuv\u00e9es brut, blanc de blancs, ros\u00e9 and vintage. Each bottle of champagne is emblematic of our signature style : finesse, fruit and freshness.","_seopress_robots_index":"","inline_featured_image":false,"footnotes":""},"class_list":{"0":"post-666","1":"page","2":"type-page","3":"status-publish","4":"has-post-thumbnail","6":"entry"},"_links":{"self":[{"href":"https:\/\/www.champagne-thienot.com\/en\/wp-json\/wp\/v2\/pages\/666","targetHints":{"allow":["GET"]}}],"collection":[{"href":"https:\/\/www.champagne-thienot.com\/en\/wp-json\/wp\/v2\/pages"}],"about":[{"href":"https:\/\/www.champagne-thienot.com\/en\/wp-json\/wp\/v2\/types\/page"}],"author":[{"embeddable":true,"href":"https:\/\/www.champagne-thienot.com\/en\/wp-json\/wp\/v2\/users\/3"}],"replies":[{"embeddable":true,"href":"https:\/\/www.champagne-thienot.com\/en\/wp-json\/wp\/v2\/comments?post=666"}],"version-history":[{"count":1,"href":"https:\/\/www.champagne-thienot.com\/en\/wp-json\/wp\/v2\/pages\/666\/revisions"}],"predecessor-version":[{"id":668,"href":"https:\/\/www.champagne-thienot.com\/en\/wp-json\/wp\/v2\/pages\/666\/revisions\/668"}],"wp:featuredmedia":[{"embeddable":true,"href":"https:\/\/www.champagne-thienot.com\/en\/wp-json\/wp\/v2\/media\/885"}],"wp:attachment":[{"href":"https:\/\/www.champagne-thienot.com\/en\/wp-json\/wp\/v2\/media?parent=666"}],"curies":[{"name":"wp","href":"https:\/\/api.w.org\/{rel}","templated":true}]}}